{"id":6832,"date":"2023-08-17T13:51:14","date_gmt":"2023-08-17T11:51:14","guid":{"rendered":"https:\/\/www.fbb-group.com\/my-jolie-candle\/"},"modified":"2023-08-17T16:43:51","modified_gmt":"2023-08-17T14:43:51","slug":"my-jolie-candle","status":"publish","type":"page","link":"https:\/\/www.fbb-group.com\/en\/my-jolie-candle\/","title":{"rendered":"My Jolie Candle"},"content":{"rendered":"\t\t<div data-elementor-type=\"wp-page\" data-elementor-id=\"6832\" class=\"elementor elementor-6832 elementor-6763\" data-elementor-post-type=\"page\">\n\t\t\t\t\t\t<section class=\"elementor-section elementor-top-section elementor-element elementor-element-4faebe12 elementor-section-full_width elementor-section-height-min-height elementor-section-height-default elementor-section-items-middle\" data-id=\"4faebe12\" data-element_type=\"section\" data-e-type=\"section\" data-settings=\"{&quot;background_background&quot;:&quot;classic&quot;}\">\n\t\t\t\t\t\t<div class=\"elementor-container elementor-column-gap-default\">\n\t\t\t\t\t<div class=\"elementor-column elementor-col-100 elementor-top-column elementor-element elementor-element-7da16a9a\" data-id=\"7da16a9a\" data-element_type=\"column\" data-e-type=\"column\">\n\t\t\t<div class=\"elementor-widget-wrap elementor-element-populated\">\n\t\t\t\t\t\t<div class=\"elementor-element elementor-element-63043c21 elementor--v-position-top elementor--h-position-right elementor-arrows-position-inside elementor-pagination-position-inside elementor-widget elementor-widget-slides\" data-id=\"63043c21\" data-element_type=\"widget\" data-e-type=\"widget\" data-settings=\"{&quot;navigation&quot;:&quot;both&quot;,&quot;autoplay&quot;:&quot;yes&quot;,&quot;pause_on_hover&quot;:&quot;yes&quot;,&quot;pause_on_interaction&quot;:&quot;yes&quot;,&quot;autoplay_speed&quot;:5000,&quot;infinite&quot;:&quot;yes&quot;,&quot;transition&quot;:&quot;slide&quot;,&quot;transition_speed&quot;:500}\" data-widget_type=\"slides.default\">\n\t\t\t\t<div class=\"elementor-widget-container\">\n\t\t\t\t\t\t\t\t\t<div class=\"elementor-swiper\">\n\t\t\t\t\t<div class=\"elementor-slides-wrapper elementor-main-swiper swiper\" role=\"region\" aria-roledescription=\"carousel\" aria-label=\"Slides\" dir=\"ltr\" data-animation=\"fadeInUp\">\n\t\t\t\t<div class=\"swiper-wrapper elementor-slides\">\n\t\t\t\t\t\t\t\t\t\t<div class=\"elementor-repeater-item-570a96a swiper-slide\" role=\"group\" aria-roledescription=\"slide\"><div class=\"swiper-slide-bg\" role=\"img\" aria-label=\"Banner_1\"><\/div><div class=\"swiper-slide-inner\" ><div class=\"swiper-slide-contents\"><\/div><\/div><\/div><div class=\"elementor-repeater-item-6aa91fb swiper-slide\" role=\"group\" aria-roledescription=\"slide\"><div class=\"swiper-slide-bg\" role=\"img\" aria-label=\"Banner_2\"><\/div><div class=\"swiper-slide-inner\" ><div class=\"swiper-slide-contents\"><\/div><\/div><\/div><div class=\"elementor-repeater-item-311b221 swiper-slide\" role=\"group\" aria-roledescription=\"slide\"><div class=\"swiper-slide-bg\" role=\"img\" aria-label=\"Banner_3\"><\/div><div class=\"swiper-slide-inner\" ><div class=\"swiper-slide-contents\"><\/div><\/div><\/div><div class=\"elementor-repeater-item-31dcf5f swiper-slide\" role=\"group\" aria-roledescription=\"slide\"><div class=\"swiper-slide-bg\" role=\"img\" aria-label=\"Banner_4\"><\/div><div class=\"swiper-slide-inner\" ><div class=\"swiper-slide-contents\"><\/div><\/div><\/div>\t\t\t\t<\/div>\n\t\t\t\t\t\t\t\t\t\t\t\t\t\t\t<div class=\"elementor-swiper-button elementor-swiper-button-prev\" role=\"button\" tabindex=\"0\" aria-label=\"Previous slide\">\n\t\t\t\t\t\t\t<i aria-hidden=\"true\" class=\"eicon-chevron-left\"><\/i>\t\t\t\t\t\t<\/div>\n\t\t\t\t\t\t<div class=\"elementor-swiper-button elementor-swiper-button-next\" role=\"button\" tabindex=\"0\" aria-label=\"Next slide\">\n\t\t\t\t\t\t\t<i aria-hidden=\"true\" class=\"eicon-chevron-right\"><\/i>\t\t\t\t\t\t<\/div>\n\t\t\t\t\t\t\t\t\t\t\t\t\t\t\t\t<div class=\"swiper-pagination\"><\/div>\n\t\t\t\t\t\t\t\t\t\t\t\t<\/div>\n\t\t\t\t<\/div>\n\t\t\t\t\t\t\t\t<\/div>\n\t\t\t\t<\/div>\n\t\t\t\t\t<\/div>\n\t\t<\/div>\n\t\t\t\t\t<\/div>\n\t\t<\/section>\n\t\t\t\t<section class=\"elementor-section elementor-top-section elementor-element elementor-element-39806945 elementor-section-boxed elementor-section-height-default elementor-section-height-default\" data-id=\"39806945\" data-element_type=\"section\" data-e-type=\"section\">\n\t\t\t\t\t\t<div class=\"elementor-container elementor-column-gap-default\">\n\t\t\t\t\t<div class=\"elementor-column elementor-col-100 elementor-top-column elementor-element elementor-element-67f6a483\" data-id=\"67f6a483\" data-element_type=\"column\" data-e-type=\"column\">\n\t\t\t<div class=\"elementor-widget-wrap elementor-element-populated\">\n\t\t\t\t\t\t<div class=\"elementor-element elementor-element-925c9d elementor-widget elementor-widget-heading\" data-id=\"925c9d\" data-element_type=\"widget\" data-e-type=\"widget\" data-widget_type=\"heading.default\">\n\t\t\t\t<div class=\"elementor-widget-container\">\n\t\t\t\t\t<h1 class=\"elementor-heading-title elementor-size-default\">My Jolie Candle<\/h1>\t\t\t\t<\/div>\n\t\t\t\t<\/div>\n\t\t\t\t\t<\/div>\n\t\t<\/div>\n\t\t\t\t\t<\/div>\n\t\t<\/section>\n\t\t\t\t<section class=\"elementor-section elementor-top-section elementor-element elementor-element-6d1cabfa elementor-section-boxed elementor-section-height-default elementor-section-height-default\" data-id=\"6d1cabfa\" data-element_type=\"section\" data-e-type=\"section\">\n\t\t\t\t\t\t<div class=\"elementor-container elementor-column-gap-default\">\n\t\t\t\t\t<div class=\"elementor-column elementor-col-33 elementor-top-column elementor-element elementor-element-3df1b0e1\" data-id=\"3df1b0e1\" data-element_type=\"column\" data-e-type=\"column\">\n\t\t\t<div class=\"elementor-widget-wrap elementor-element-populated\">\n\t\t\t\t\t\t<div class=\"elementor-element elementor-element-7fa58329 elementor-widget elementor-widget-image\" data-id=\"7fa58329\" data-element_type=\"widget\" data-e-type=\"widget\" data-widget_type=\"image.default\">\n\t\t\t\t<div class=\"elementor-widget-container\">\n\t\t\t\t\t\t\t\t\t\t\t\t\t\t\t<img fetchpriority=\"high\" decoding=\"async\" width=\"800\" height=\"800\" src=\"https:\/\/www.fbb-group.com\/wp-content\/uploads\/2023\/08\/logo_my_jolie_candle.jpg\" class=\"attachment-large size-large wp-image-6782\" alt=\"\" srcset=\"https:\/\/www.fbb-group.com\/wp-content\/uploads\/2023\/08\/logo_my_jolie_candle.jpg 1024w, https:\/\/www.fbb-group.com\/wp-content\/uploads\/2023\/08\/logo_my_jolie_candle-300x300.jpg 300w, https:\/\/www.fbb-group.com\/wp-content\/uploads\/2023\/08\/logo_my_jolie_candle-150x150.jpg 150w, https:\/\/www.fbb-group.com\/wp-content\/uploads\/2023\/08\/logo_my_jolie_candle-768x768.jpg 768w\" sizes=\"(max-width: 800px) 100vw, 800px\" \/>\t\t\t\t\t\t\t\t\t\t\t\t\t\t\t<\/div>\n\t\t\t\t<\/div>\n\t\t\t\t\t<\/div>\n\t\t<\/div>\n\t\t\t\t<div class=\"elementor-column elementor-col-66 elementor-top-column elementor-element elementor-element-fb3d08e\" data-id=\"fb3d08e\" data-element_type=\"column\" data-e-type=\"column\">\n\t\t\t<div class=\"elementor-widget-wrap elementor-element-populated\">\n\t\t\t\t\t\t<div class=\"elementor-element elementor-element-294abfce elementor-widget elementor-widget-heading\" data-id=\"294abfce\" data-element_type=\"widget\" data-e-type=\"widget\" data-widget_type=\"heading.default\">\n\t\t\t\t<div class=\"elementor-widget-container\">\n\t\t\t\t\t<h2 class=\"elementor-heading-title elementor-size-default\">The secret of surprise <\/h2>\t\t\t\t<\/div>\n\t\t\t\t<\/div>\n\t\t\t\t<div class=\"elementor-element elementor-element-6602656c elementor-widget elementor-widget-text-editor\" data-id=\"6602656c\" data-element_type=\"widget\" data-e-type=\"widget\" data-widget_type=\"text-editor.default\">\n\t\t\t\t<div class=\"elementor-widget-container\">\n\t\t\t\t\t\t\t\t\t<p>Candles have a wonderful power &#8211; their gentle fragrance enchants the atmosphere and transforms the home into a true olfactory paradise. Close your eyes, take in the soothing flicker of candlelight, and savour the individual nuances of fragrance &#8211; no matter how stressful your day has been. My Jolie Candle&#8217;s scented candles are an innovative concept because they contain a handmade piece of jewellery! This makes them the ideal gift, sure to surprise and make the recipient smile. Designed in the Parisian workshops, these timeless pieces of jewellery are made entirely by hand from stainless steel and are gold-plated for the gold version and rhodium-plated for the silver version. Each collection has its own jewels. Die zeitlosen Schmuckst\u00fccke werden in den Pariser Ateliers aus rostfreiem Edelstahl entworfen, vollst\u00e4ndig von Hand gefertigt und in der goldenen Version vergoldet und in der versilberten Version rhodiniert. Jede Kollektion hat ihre eigenen Schmuckst\u00fccke.     <span class=\"Apple-converted-space\"> <\/span><\/p>\n\t\t\t\t\t\t\t\t<\/div>\n\t\t\t\t<\/div>\n\t\t\t\t\t<\/div>\n\t\t<\/div>\n\t\t\t\t\t<\/div>\n\t\t<\/section>\n\t\t\t\t<section class=\"elementor-section elementor-top-section elementor-element elementor-element-79a272ce elementor-section-boxed elementor-section-height-default elementor-section-height-default\" data-id=\"79a272ce\" data-element_type=\"section\" data-e-type=\"section\">\n\t\t\t\t\t\t<div class=\"elementor-container elementor-column-gap-default\">\n\t\t\t\t\t<div class=\"elementor-column elementor-col-50 elementor-top-column elementor-element elementor-element-6914ad7b\" data-id=\"6914ad7b\" data-element_type=\"column\" data-e-type=\"column\">\n\t\t\t<div class=\"elementor-widget-wrap elementor-element-populated\">\n\t\t\t\t\t\t<div class=\"elementor-element elementor-element-650a903a elementor-widget elementor-widget-heading\" data-id=\"650a903a\" data-element_type=\"widget\" data-e-type=\"widget\" data-widget_type=\"heading.default\">\n\t\t\t\t<div class=\"elementor-widget-container\">\n\t\t\t\t\t<h3 class=\"elementor-heading-title elementor-size-default\">Luxury for the senses<\/h3>\t\t\t\t<\/div>\n\t\t\t\t<\/div>\n\t\t\t\t<div class=\"elementor-element elementor-element-67209a40 elementor-widget elementor-widget-text-editor\" data-id=\"67209a40\" data-element_type=\"widget\" data-e-type=\"widget\" data-widget_type=\"text-editor.default\">\n\t\t\t\t<div class=\"elementor-widget-container\">\n\t\t\t\t\t\t\t\t\t<p>My Jolie Candle&#8217;s scented candles are made for small moments of happiness. Enjoying a few minutes of peace and relaxation in your own home, doing something good for yourself, for more well-being, serenity, and inspiration. At My Jolie Candle, the love for beautiful things is cultivated with a certain simplicity, using high quality and environmentally friendly raw materials. The candles are handmade in Spain using 100% natural and vegetable waxes. The pure cotton wick guarantees a clean and even burn for carefree and beautiful moments. Ein paar Minuten der Ruhe und Entspannung in den eigenen vier W\u00e4nden genie\u00dfen, sich selbst etwas Gutes tun f\u00fcr mehr Wohlbefinden, Gelassenheit und Inspiration. Bei My Jolie Candle wird die Liebe zu sch\u00f6nen Dingen durch die Verwendung von hochwertigen und umweltfreundlichen Rohstoffen mit einer gewissen Einfachheit kultiviert. Die Kerzen werden in Spanien von Hand gefertigt und bestehen zu 100% aus nat\u00fcrlichem und pflanzlichem Wachs. Der Docht aus reiner Baumwolle garantiert ein sauberes und gleichm\u00e4\u00dfiges Abbrennen f\u00fcr unbeschwerte und sch\u00f6ne Momente.    <span class=\"Apple-converted-space\"> <\/span><\/p>\n\t\t\t\t\t\t\t\t<\/div>\n\t\t\t\t<\/div>\n\t\t\t\t<div class=\"elementor-element elementor-element-38f0bff6 elementor-widget elementor-widget-image\" data-id=\"38f0bff6\" data-element_type=\"widget\" data-e-type=\"widget\" data-widget_type=\"image.default\">\n\t\t\t\t<div class=\"elementor-widget-container\">\n\t\t\t\t\t\t\t\t\t\t\t\t\t\t\t<img decoding=\"async\" width=\"683\" height=\"1024\" src=\"https:\/\/www.fbb-group.com\/wp-content\/uploads\/2023\/08\/DSC_1836-683x1024.jpg\" class=\"attachment-large size-large wp-image-6787\" alt=\"\" srcset=\"https:\/\/www.fbb-group.com\/wp-content\/uploads\/2023\/08\/DSC_1836-683x1024.jpg 683w, https:\/\/www.fbb-group.com\/wp-content\/uploads\/2023\/08\/DSC_1836-200x300.jpg 200w, https:\/\/www.fbb-group.com\/wp-content\/uploads\/2023\/08\/DSC_1836-768x1152.jpg 768w, https:\/\/www.fbb-group.com\/wp-content\/uploads\/2023\/08\/DSC_1836-1024x1536.jpg 1024w\" sizes=\"(max-width: 683px) 100vw, 683px\" \/>\t\t\t\t\t\t\t\t\t\t\t\t\t\t\t<\/div>\n\t\t\t\t<\/div>\n\t\t\t\t\t<\/div>\n\t\t<\/div>\n\t\t\t\t<div class=\"elementor-column elementor-col-50 elementor-top-column elementor-element elementor-element-3c9ffae5\" data-id=\"3c9ffae5\" data-element_type=\"column\" data-e-type=\"column\">\n\t\t\t<div class=\"elementor-widget-wrap elementor-element-populated\">\n\t\t\t\t\t\t<div class=\"elementor-element elementor-element-2bd7fdf elementor-widget elementor-widget-image\" data-id=\"2bd7fdf\" data-element_type=\"widget\" data-e-type=\"widget\" data-widget_type=\"image.default\">\n\t\t\t\t<div class=\"elementor-widget-container\">\n\t\t\t\t\t\t\t\t\t\t\t\t\t\t\t<img decoding=\"async\" width=\"800\" height=\"534\" src=\"https:\/\/www.fbb-group.com\/wp-content\/uploads\/2023\/08\/MG_7011-1024x683.jpg\" class=\"attachment-large size-large wp-image-6800\" alt=\"\" srcset=\"https:\/\/www.fbb-group.com\/wp-content\/uploads\/2023\/08\/MG_7011-1024x683.jpg 1024w, https:\/\/www.fbb-group.com\/wp-content\/uploads\/2023\/08\/MG_7011-300x200.jpg 300w, https:\/\/www.fbb-group.com\/wp-content\/uploads\/2023\/08\/MG_7011-768x512.jpg 768w, https:\/\/www.fbb-group.com\/wp-content\/uploads\/2023\/08\/MG_7011-1536x1025.jpg 1536w\" sizes=\"(max-width: 800px) 100vw, 800px\" \/>\t\t\t\t\t\t\t\t\t\t\t\t\t\t\t<\/div>\n\t\t\t\t<\/div>\n\t\t\t\t<div class=\"elementor-element elementor-element-ddfc15a elementor-widget elementor-widget-image\" data-id=\"ddfc15a\" data-element_type=\"widget\" data-e-type=\"widget\" data-widget_type=\"image.default\">\n\t\t\t\t<div class=\"elementor-widget-container\">\n\t\t\t\t\t\t\t\t\t\t\t\t\t\t\t<img loading=\"lazy\" decoding=\"async\" width=\"800\" height=\"534\" src=\"https:\/\/www.fbb-group.com\/wp-content\/uploads\/2023\/08\/MG_6842-1024x683.jpg\" class=\"attachment-large size-large wp-image-6792\" alt=\"\" srcset=\"https:\/\/www.fbb-group.com\/wp-content\/uploads\/2023\/08\/MG_6842-1024x683.jpg 1024w, https:\/\/www.fbb-group.com\/wp-content\/uploads\/2023\/08\/MG_6842-300x200.jpg 300w, https:\/\/www.fbb-group.com\/wp-content\/uploads\/2023\/08\/MG_6842-768x512.jpg 768w, https:\/\/www.fbb-group.com\/wp-content\/uploads\/2023\/08\/MG_6842-1536x1025.jpg 1536w\" sizes=\"(max-width: 800px) 100vw, 800px\" \/>\t\t\t\t\t\t\t\t\t\t\t\t\t\t\t<\/div>\n\t\t\t\t<\/div>\n\t\t\t\t<div class=\"elementor-element elementor-element-5fc4e48a elementor-widget elementor-widget-heading\" data-id=\"5fc4e48a\" data-element_type=\"widget\" data-e-type=\"widget\" data-widget_type=\"heading.default\">\n\t\t\t\t<div class=\"elementor-widget-container\">\n\t\t\t\t\t<h3 class=\"elementor-heading-title elementor-size-default\">The origin of the scents<\/h3>\t\t\t\t<\/div>\n\t\t\t\t<\/div>\n\t\t\t\t<div class=\"elementor-element elementor-element-5919ec55 elementor-widget elementor-widget-text-editor\" data-id=\"5919ec55\" data-element_type=\"widget\" data-e-type=\"widget\" data-widget_type=\"text-editor.default\">\n\t\t\t\t<div class=\"elementor-widget-container\">\n\t\t\t\t\t\t\t\t\t<p>The design worlds and fragrances are first created by the teams in the Parisian studios. Each fragrance is developed with perfumery expertise to find the right nuances that are long-lasting but never overpowering to subtly perfume the room. Pleasant and balanced fragrances from the different fragrance families such as fresh, floral, woody, and fruity, classics and signature fragrances: there is guaranteed to be something for everyone. The fragrances are created and produced by experienced perfumers in Grasse, the world capital of perfume. Jeder Duft wird mit dem Know-how der Parf\u00fcmerie entwickelt, um die richtigen Nuancen zu finden, die lange anhalten, aber nie zu aufdringlich sind, um den Raum dezent zu beduften. Angenehme und ausgewogene D\u00fcfte aus den verschiedenen Duftfamilien wie frische, blumige, holzige und fruchtige Duftwelten, Klassiker und Signature-D\u00fcfte: Es ist garantiert f\u00fcr jeden Geschmack etwas dabei. Entwickelt und hergestellt werden die D\u00fcfte von erfahrenen Parf\u00fcmeuren in Grasse, der Welthauptstadt des Parfums.   <\/p>\n\t\t\t\t\t\t\t\t<\/div>\n\t\t\t\t<\/div>\n\t\t\t\t\t<\/div>\n\t\t<\/div>\n\t\t\t\t\t<\/div>\n\t\t<\/section>\n\t\t\t\t<section class=\"elementor-section elementor-top-section elementor-element elementor-element-108eef21 elementor-section-boxed elementor-section-height-default elementor-section-height-default\" data-id=\"108eef21\" data-element_type=\"section\" data-e-type=\"section\" data-settings=\"{&quot;background_background&quot;:&quot;classic&quot;}\">\n\t\t\t\t\t\t<div class=\"elementor-container elementor-column-gap-default\">\n\t\t\t\t\t<div class=\"elementor-column elementor-col-50 elementor-top-column elementor-element elementor-element-5ea8d3fa\" data-id=\"5ea8d3fa\" data-element_type=\"column\" data-e-type=\"column\">\n\t\t\t<div class=\"elementor-widget-wrap elementor-element-populated\">\n\t\t\t\t\t\t<div class=\"elementor-element elementor-element-2e9afb5d elementor-button-align-stretch elementor-widget elementor-widget-global elementor-global-5656 elementor-global-464 elementor-widget-form\" data-id=\"2e9afb5d\" data-element_type=\"widget\" data-e-type=\"widget\" data-settings=\"{&quot;step_next_label&quot;:&quot;Next&quot;,&quot;step_previous_label&quot;:&quot;Previous&quot;,&quot;button_width&quot;:&quot;33&quot;,&quot;step_type&quot;:&quot;number_text&quot;,&quot;step_icon_shape&quot;:&quot;circle&quot;}\" data-widget_type=\"form.default\">\n\t\t\t\t<div class=\"elementor-widget-container\">\n\t\t\t\t\t\t\t<form class=\"elementor-form\" method=\"post\" name=\"Brands Form\" aria-label=\"Brands Form\">\n\t\t\t<input type=\"hidden\" name=\"post_id\" value=\"6832\"\/>\n\t\t\t<input type=\"hidden\" name=\"form_id\" value=\"2e9afb5d\"\/>\n\t\t\t<input type=\"hidden\" name=\"referer_title\" value=\"\" \/>\n\n\t\t\t\n\t\t\t<div class=\"elementor-form-fields-wrapper elementor-labels-above\">\n\t\t\t\t\t\t\t\t<div class=\"elementor-field-type-text elementor-field-group elementor-column elementor-field-group-name elementor-col-100 elementor-field-required elementor-mark-required\">\n\t\t\t\t\t\t\t\t\t\t\t\t<label for=\"form-field-name\" class=\"elementor-field-label\">\n\t\t\t\t\t\t\t\tName\t\t\t\t\t\t\t<\/label>\n\t\t\t\t\t\t\t\t\t\t\t\t\t\t<input size=\"1\" type=\"text\" name=\"form_fields[name]\" id=\"form-field-name\" class=\"elementor-field elementor-size-xs  elementor-field-textual\" placeholder=\"Name\" required=\"required\">\n\t\t\t\t\t\t\t\t\t\t\t<\/div>\n\t\t\t\t\t\t\t\t<div class=\"elementor-field-type-email elementor-field-group elementor-column elementor-field-group-email elementor-col-100 elementor-field-required elementor-mark-required\">\n\t\t\t\t\t\t\t\t\t\t\t\t<label for=\"form-field-email\" class=\"elementor-field-label\">\n\t\t\t\t\t\t\t\tEmail\t\t\t\t\t\t\t<\/label>\n\t\t\t\t\t\t\t\t\t\t\t\t\t\t<input size=\"1\" type=\"email\" name=\"form_fields[email]\" id=\"form-field-email\" class=\"elementor-field elementor-size-xs  elementor-field-textual\" placeholder=\"Email\" required=\"required\">\n\t\t\t\t\t\t\t\t\t\t\t<\/div>\n\t\t\t\t\t\t\t\t<div class=\"elementor-field-type-textarea elementor-field-group elementor-column elementor-field-group-message elementor-col-100 elementor-field-required elementor-mark-required\">\n\t\t\t\t\t\t\t\t\t\t\t\t<label for=\"form-field-message\" class=\"elementor-field-label\">\n\t\t\t\t\t\t\t\tMessage\t\t\t\t\t\t\t<\/label>\n\t\t\t\t\t\t<textarea class=\"elementor-field-textual elementor-field  elementor-size-xs\" name=\"form_fields[message]\" id=\"form-field-message\" rows=\"4\" placeholder=\"Message\" required=\"required\"><\/textarea>\t\t\t\t<\/div>\n\t\t\t\t\t\t\t\t<div class=\"elementor-field-type-acceptance elementor-field-group elementor-column elementor-field-group-field_0b75f86 elementor-col-100 elementor-field-required elementor-mark-required\">\n\t\t\t\t\t\t\t<div class=\"elementor-field-subgroup\">\n\t\t\t<span class=\"elementor-field-option\">\n\t\t\t\t<input type=\"checkbox\" name=\"form_fields[field_0b75f86]\" id=\"form-field-field_0b75f86\" class=\"elementor-field elementor-size-xs  elementor-acceptance-field\" required=\"required\">\n\t\t\t\t<label for=\"form-field-field_0b75f86\">I have read and agree to the <a href=\"https:\/\/www.fbb-group.com\/en\/privacy-policy\/\"><span class=\"elementor-icon-list-text\">privacy policy<\/span>\n<\/a><\/label>\t\t\t<\/span>\n\t\t<\/div>\n\t\t\t\t\t\t<\/div>\n\t\t\t\t\t\t\t\t<div class=\"elementor-field-type-recaptcha_v3 elementor-field-group elementor-column elementor-field-group-field_336ae0a elementor-col-100 recaptcha_v3-inline\">\n\t\t\t\t\t<div class=\"elementor-field\" id=\"form-field-field_336ae0a\"><div class=\"elementor-g-recaptcha\" data-sitekey=\"6LdAeA4iAAAAAKTNNygw7N4Wmjer4NbUPR3TT9Fl\" data-type=\"v3\" data-action=\"Form\" data-badge=\"inline\" data-size=\"invisible\"><\/div><\/div>\t\t\t\t<\/div>\n\t\t\t\t\t\t\t\t<div class=\"elementor-field-group elementor-column elementor-field-type-submit elementor-col-33 e-form__buttons\">\n\t\t\t\t\t<button class=\"elementor-button elementor-size-md\" type=\"submit\">\n\t\t\t\t\t\t<span class=\"elementor-button-content-wrapper\">\n\t\t\t\t\t\t\t\t\t\t\t\t\t\t\t\t\t\t\t\t\t\t<span class=\"elementor-button-text\">Send<\/span>\n\t\t\t\t\t\t\t\t\t\t\t\t\t<\/span>\n\t\t\t\t\t<\/button>\n\t\t\t\t<\/div>\n\t\t\t<\/div>\n\t\t<\/form>\n\t\t\t\t\t\t<\/div>\n\t\t\t\t<\/div>\n\t\t\t\t\t<\/div>\n\t\t<\/div>\n\t\t\t\t<div class=\"elementor-column elementor-col-50 elementor-top-column elementor-element elementor-element-5d163f89\" data-id=\"5d163f89\" data-element_type=\"column\" data-e-type=\"column\">\n\t\t\t<div class=\"elementor-widget-wrap elementor-element-populated\">\n\t\t\t\t\t\t<div class=\"elementor-element elementor-element-66b4c3e5 e-transform elementor-widget elementor-widget-image\" data-id=\"66b4c3e5\" data-element_type=\"widget\" data-e-type=\"widget\" data-settings=\"{&quot;_transform_translateY_effect&quot;:{&quot;unit&quot;:&quot;px&quot;,&quot;size&quot;:-8,&quot;sizes&quot;:[]},&quot;_transform_translateX_effect&quot;:{&quot;unit&quot;:&quot;px&quot;,&quot;size&quot;:&quot;&quot;,&quot;sizes&quot;:[]},&quot;_transform_translateX_effect_tablet&quot;:{&quot;unit&quot;:&quot;px&quot;,&quot;size&quot;:&quot;&quot;,&quot;sizes&quot;:[]},&quot;_transform_translateX_effect_mobile&quot;:{&quot;unit&quot;:&quot;px&quot;,&quot;size&quot;:&quot;&quot;,&quot;sizes&quot;:[]},&quot;_transform_translateY_effect_tablet&quot;:{&quot;unit&quot;:&quot;px&quot;,&quot;size&quot;:&quot;&quot;,&quot;sizes&quot;:[]},&quot;_transform_translateY_effect_mobile&quot;:{&quot;unit&quot;:&quot;px&quot;,&quot;size&quot;:&quot;&quot;,&quot;sizes&quot;:[]}}\" data-widget_type=\"image.default\">\n\t\t\t\t<div class=\"elementor-widget-container\">\n\t\t\t\t\t\t\t\t\t\t\t\t\t\t\t<img decoding=\"async\" src=\"https:\/\/www.fbb-group.com\/wp-content\/uploads\/elementor\/thumbs\/MG_7732-ra52dz8y5p9llq7uv1gljt40mletbjwm9pobnuovls.jpg\" title=\"_MG_7732\" alt=\"_MG_7732\" loading=\"lazy\" \/>\t\t\t\t\t\t\t\t\t\t\t\t\t\t\t<\/div>\n\t\t\t\t<\/div>\n\t\t\t\t\t<\/div>\n\t\t<\/div>\n\t\t\t\t\t<\/div>\n\t\t<\/section>\n\t\t\t\t<section class=\"elementor-section elementor-top-section elementor-element elementor-element-3eb79397 elementor-section-boxed elementor-section-height-default elementor-section-height-default\" data-id=\"3eb79397\" data-element_type=\"section\" data-e-type=\"section\">\n\t\t\t\t\t\t<div class=\"elementor-container elementor-column-gap-default\">\n\t\t\t\t\t<div class=\"elementor-column elementor-col-50 elementor-top-column elementor-element elementor-element-426d26b4\" data-id=\"426d26b4\" data-element_type=\"column\" data-e-type=\"column\">\n\t\t\t<div class=\"elementor-widget-wrap elementor-element-populated\">\n\t\t\t\t\t\t<div class=\"elementor-element elementor-element-5af62a78 elementor-align-justify elementor-widget elementor-widget-global elementor-global-5645 elementor-global-3419 elementor-widget-button\" data-id=\"5af62a78\" data-element_type=\"widget\" data-e-type=\"widget\" data-widget_type=\"button.default\">\n\t\t\t\t<div class=\"elementor-widget-container\">\n\t\t\t\t\t\t\t\t\t<div class=\"elementor-button-wrapper\">\n\t\t\t\t\t<a class=\"elementor-button elementor-button-link elementor-size-sm\" href=\"https:\/\/www.fbb-group.com\/en\/brands\/\">\n\t\t\t\t\t\t<span class=\"elementor-button-content-wrapper\">\n\t\t\t\t\t\t\t\t\t<span class=\"elementor-button-text\">Explore all brands<\/span>\n\t\t\t\t\t<\/span>\n\t\t\t\t\t<\/a>\n\t\t\t\t<\/div>\n\t\t\t\t\t\t\t\t<\/div>\n\t\t\t\t<\/div>\n\t\t\t\t\t<\/div>\n\t\t<\/div>\n\t\t\t\t<div class=\"elementor-column elementor-col-50 elementor-top-column elementor-element elementor-element-781821b7\" data-id=\"781821b7\" data-element_type=\"column\" data-e-type=\"column\">\n\t\t\t<div class=\"elementor-widget-wrap elementor-element-populated\">\n\t\t\t\t\t\t<div class=\"elementor-element elementor-element-429e544d elementor-align-justify elementor-widget elementor-widget-button\" data-id=\"429e544d\" data-element_type=\"widget\" data-e-type=\"widget\" data-widget_type=\"button.default\">\n\t\t\t\t<div class=\"elementor-widget-container\">\n\t\t\t\t\t\t\t\t\t<div class=\"elementor-button-wrapper\">\n\t\t\t\t\t<a class=\"elementor-button elementor-button-link elementor-size-sm\" href=\"https:\/\/durance.de\/\">\n\t\t\t\t\t\t<span class=\"elementor-button-content-wrapper\">\n\t\t\t\t\t\t\t\t\t<span class=\"elementor-button-text\">to durance<\/span>\n\t\t\t\t\t<\/span>\n\t\t\t\t\t<\/a>\n\t\t\t\t<\/div>\n\t\t\t\t\t\t\t\t<\/div>\n\t\t\t\t<\/div>\n\t\t\t\t\t<\/div>\n\t\t<\/div>\n\t\t\t\t\t<\/div>\n\t\t<\/section>\n\t\t\t\t<\/div>\n\t\t","protected":false},"excerpt":{"rendered":"<p>Previous slide Next slide My Jolie Candle The secret of surprise Candles have a wonderful power &#8211; their gentle fragrance enchants the atmosphere and transforms the home into a true olfactory paradise. Close your eyes, take in the soothing flicker of candlelight, and savour the individual nuances of fragrance &#8211; no matter how stressful your [&hellip;]<\/p>\n","protected":false},"author":1,"featured_media":0,"parent":0,"menu_order":0,"comment_status":"closed","ping_status":"closed","template":"elementor_header_footer","meta":{"footnotes":""},"class_list":["post-6832","page","type-page","status-publish","hentry"],"_links":{"self":[{"href":"https:\/\/www.fbb-group.com\/en\/wp-json\/wp\/v2\/pages\/6832","targetHints":{"allow":["GET"]}}],"collection":[{"href":"https:\/\/www.fbb-group.com\/en\/wp-json\/wp\/v2\/pages"}],"about":[{"href":"https:\/\/www.fbb-group.com\/en\/wp-json\/wp\/v2\/types\/page"}],"author":[{"embeddable":true,"href":"https:\/\/www.fbb-group.com\/en\/wp-json\/wp\/v2\/users\/1"}],"replies":[{"embeddable":true,"href":"https:\/\/www.fbb-group.com\/en\/wp-json\/wp\/v2\/comments?post=6832"}],"version-history":[{"count":3,"href":"https:\/\/www.fbb-group.com\/en\/wp-json\/wp\/v2\/pages\/6832\/revisions"}],"predecessor-version":[{"id":6835,"href":"https:\/\/www.fbb-group.com\/en\/wp-json\/wp\/v2\/pages\/6832\/revisions\/6835"}],"wp:attachment":[{"href":"https:\/\/www.fbb-group.com\/en\/wp-json\/wp\/v2\/media?parent=6832"}],"curies":[{"name":"wp","href":"https:\/\/api.w.org\/{rel}","templated":true}]}}